{"id":2875,"date":"2024-01-10T09:21:34","date_gmt":"2024-01-10T14:21:34","guid":{"rendered":"https:\/\/cddw-clm.ca\/?page_id=2875"},"modified":"2025-02-20T13:53:29","modified_gmt":"2025-02-20T18:53:29","slug":"cme-accreditation","status":"publish","type":"page","link":"https:\/\/cddw-clm.ca\/fr\/cme-accreditation\/","title":{"rendered":"Accr\u00e9ditation CME"},"content":{"rendered":"<div data-elementor-type=\"wp-page\" data-elementor-id=\"2875\" class=\"elementor elementor-2875\">\n\t\t\t\t\t\t<section class=\"elementor-section elementor-top-section elementor-element elementor-element-4b9c483e elementor-section-boxed elementor-section-height-default elementor-section-height-default\" data-id=\"4b9c483e\" data-element_type=\"section\" data-e-type=\"section\">\n\t\t\t\t\t\t<div class=\"elementor-container elementor-column-gap-default\">\n\t\t\t\t\t<div class=\"elementor-column elementor-col-100 elementor-top-column elementor-element elementor-element-3360462d\" data-id=\"3360462d\" data-element_type=\"column\" data-e-type=\"column\">\n\t\t\t<div class=\"elementor-widget-wrap elementor-element-populated\">\n\t\t\t\t\t\t<div class=\"elementor-element elementor-element-09e64bd elementor-widget elementor-widget-heading\" data-id=\"09e64bd\" data-element_type=\"widget\" data-e-type=\"widget\" data-widget_type=\"heading.default\">\n\t\t\t\t<div class=\"elementor-widget-container\">\n\t\t\t\t\t<h1 class=\"elementor-heading-title elementor-size-default\">Accr\u00e9ditation CME<\/h1>\t\t\t\t<\/div>\n\t\t\t\t<\/div>\n\t\t\t\t<div class=\"elementor-element elementor-element-160239a7 elementor-widget__width-initial elementor-widget elementor-widget-text-editor\" data-id=\"160239a7\" data-element_type=\"widget\" data-e-type=\"widget\" data-widget_type=\"text-editor.default\">\n\t\t\t\t<div class=\"elementor-widget-container\">\n\t\t\t\t\t\t\t\t\t<h3>Accr\u00e9ditation CDDW\u2122<\/h3>\n<p><!-- \/wp:heading --><\/p>\n<p><!-- wp:paragraph --><\/p>\n<p>Cet \u00e9v\u00e9nement est une activit\u00e9 d&#039;apprentissage collectif accr\u00e9dit\u00e9e (section 1) telle que d\u00e9finie par le programme de maintien de la certification du Coll\u00e8ge royal des m\u00e9decins et chirurgiens du Canada et accr\u00e9dit\u00e9e par l&#039;Association canadienne de gastroent\u00e9rologie. Les participants peuvent r\u00e9clamer jusqu&#039;\u00e0 un maximum de 18 cr\u00e9dits d&#039;\u00e9tudes.<\/p>\n<p><!-- \/wp:paragraph --><\/p>\t\t\t\t\t\t\t\t<\/div>\n\t\t\t\t<\/div>\n\t\t\t\t<div class=\"elementor-element elementor-element-51ab169 elementor-widget elementor-widget-text-editor\" data-id=\"51ab169\" data-element_type=\"widget\" data-e-type=\"widget\" data-widget_type=\"text-editor.default\">\n\t\t\t\t<div class=\"elementor-widget-container\">\n\t\t\t\t\t\t\t\t\t<h3>Accr\u00e9ditation CLM<\/h3>\n<p><!-- \/wp:heading --><\/p>\n<p><!-- wp:paragraph --><\/p>\n<p>Cet \u00e9v\u00e9nement est une activit\u00e9 d&#039;apprentissage collectif accr\u00e9dit\u00e9e (section 1) telle que d\u00e9finie par le programme de maintien du certificat du Coll\u00e8ge royal des m\u00e9decins et chirurgiens du Canada et accr\u00e9dit\u00e9e par l&#039;Association canadienne pour l&#039;\u00e9tude du foie. Les participants peuvent r\u00e9clamer jusqu&#039;\u00e0 un maximum de 11,5 cr\u00e9dits d&#039;\u00e9tudes.<\/p>\n<p><!-- \/wp:paragraph --><\/p>\t\t\t\t\t\t\t\t<\/div>\n\t\t\t\t<\/div>\n\t\t\t\t<div class=\"elementor-element elementor-element-5ffe686 elementor-widget elementor-widget-text-editor\" data-id=\"5ffe686\" data-element_type=\"widget\" data-e-type=\"widget\" data-widget_type=\"text-editor.default\">\n\t\t\t\t<div class=\"elementor-widget-container\">\n\t\t\t\t\t\t\t\t\t<h4>R\u00e9clamer vos cr\u00e9dits :<\/h4>\n<p><!-- \/wp:paragraph --><\/p>\n<p><!-- wp:paragraph --><\/p>\n<p><strong>Visitez MAINPORT :\u00a0<\/strong><a href=\"https:\/\/www.royalcollege.ca\/en\/cpd\/moc-program\" target=\"_blank\" rel=\"noopener\">https:\/\/www.royalcollege.ca\/en\/cpd\/moc-program<\/a>\u00a0pour enregistrer votre apprentissage et vos r\u00e9sultats.<\/p>\n<p><!-- \/wp:paragraph --><\/p>\n<p><!-- wp:paragraph --><\/p>\n<p>Gr\u00e2ce \u00e0 une entente entre le Coll\u00e8ge royal des m\u00e9decins et chirurgiens du Canada et l&#039;American Medical Association, les m\u00e9decins peuvent convertir les cr\u00e9dits MOC du Coll\u00e8ge royal en cr\u00e9dits PRA de cat\u00e9gorie 1 de l&#039;AMA. Vous trouverez des informations sur le processus de conversion des cr\u00e9dits MOC du Coll\u00e8ge royal en cr\u00e9dits AMA \u00e0 l&#039;adresse suivante :\u00a0<a title=\"URL d&#039;origine : http:\/\/www.ama-assn.org\/go\/internationalcme. Cliquez ou appuyez si vous faites confiance \u00e0 ce lien.\" href=\"https:\/\/eur02.safelinks.protection.outlook.com\/?url=http%3A%2F%2Fwww.ama-assn.org%2Fgo%2Finternationalcme&amp;data=05%7C02%7Cisabella.vecchiarelli%40wearemci.com%7Cac18f27fea8a4724b98908dd3c84f4a4%7Cac144e41800148f09e1c170716ed06b6%7C0%7C0%7C638733263917217457%7CUnknown%7CTWFpbGZsb3d8eyJFbXB0eU1hcGkiOnRydWUsIlYiOiIwLjAuMDAwMCIsIlAiOiJXaW4zMiIsIkFOIjoiTWFpbCIsIldUIjoyfQ%3D%3D%7C0%7C%7C%7C&amp;sdata=zMwd4b1slF8CBvRNCWg1%2Bqj0aHhKIGbemEVDaCXtRes%3D&amp;reserved=0\" data-auth=\"Verified\" data-linkindex=\"1\">www.ama-assn.org\/go\/internationalcme<\/a>.<\/p>\n<p><!-- \/wp:paragraph --><\/p>\n<p><!-- wp:paragraph --><\/p>\n<p><strong>Certificat de pr\u00e9sence et de formation m\u00e9dicale continue<\/strong><\/p>\n<p><!-- \/wp:paragraph --><\/p>\n<p><!-- wp:paragraph --><\/p>\n<p>Votre certificat CME vous sera d\u00e9livr\u00e9 par voie \u00e9lectronique une fois l&#039;\u00e9valuation p\u00e9dagogique et la proc\u00e9dure de demande de cr\u00e9dits termin\u00e9es. Le processus prendra entre 5 et 10 minutes. Toutes les r\u00e9ponses \u00e0 l&#039;\u00e9valuation sont anonymes ; votre nom sera demand\u00e9 uniquement pour la demande de cr\u00e9dits et le processus de d\u00e9livrance du certificat. Les \u00e9valuations p\u00e9dagogiques seront remises par voie \u00e9lectronique apr\u00e8s la r\u00e9union.<\/p>\n<p><!-- \/wp:paragraph --><\/p>\t\t\t\t\t\t\t\t<\/div>\n\t\t\t\t<\/div>\n\t\t\t\t\t<\/div>\n\t\t<\/div>\n\t\t\t\t\t<\/div>\n\t\t<\/section>\n\t\t\t\t<\/div>","protected":false},"excerpt":{"rendered":"<p>CME Accreditation CDDW\u2122 Accreditation This program is an Accredited Group Learning Activity (Section 1) as defined by the Maintenance of Certification Program by The Royal College of Physicians &amp; Surgeons of Canada and approved by the Canadian Association of Gastroenterology (CAG). Participants may claim a maximum of 18.5 hours. CLM Accreditation This event is an [&hellip;]<\/p>\n","protected":false},"author":235364827,"featured_media":0,"parent":0,"menu_order":0,"comment_status":"closed","ping_status":"closed","template":"","meta":{"_crdt_document":"","_uag_custom_page_level_css":"","site-sidebar-layout":"default","site-content-layout":"","ast-site-content-layout":"default","site-content-style":"default","site-sidebar-style":"default","ast-global-header-display":"","ast-banner-title-visibility":"","ast-main-header-display":"","ast-hfb-above-header-display":"","ast-hfb-below-header-display":"","ast-hfb-mobile-header-display":"","site-post-title":"disabled","ast-breadcrumbs-content":"","ast-featured-img":"","footer-sml-layout":"","theme-transparent-header-meta":"","adv-header-id-meta":"","stick-header-meta":"","header-above-stick-meta":"","header-main-stick-meta":"","header-below-stick-meta":"","astra-migrate-meta-layouts":"set","ast-page-background-enabled":"default","ast-page-background-meta":{"desktop":{"background-color":"","background-image":"","background-repeat":"repeat","background-position":"center center","background-size":"auto","background-attachment":"scroll","background-type":"","background-media":"","overlay-type":"","overlay-color":"","overlay-opacity":"","overlay-gradient":""},"tablet":{"background-color":"","background-image":"","background-repeat":"repeat","background-position":"center center","background-size":"auto","background-attachment":"scroll","background-type":"","background-media":"","overlay-type":"","overlay-color":"","overlay-opacity":"","overlay-gradient":""},"mobile":{"background-color":"","background-image":"","background-repeat":"repeat","background-position":"center center","background-size":"auto","background-attachment":"scroll","background-type":"","background-media":"","overlay-type":"","overlay-color":"","overlay-opacity":"","overlay-gradient":""}},"ast-content-background-meta":{"desktop":{"background-color":"var(--ast-global-color-5)","background-image":"","background-repeat":"repeat","background-position":"center center","background-size":"auto","background-attachment":"scroll","background-type":"","background-media":"","overlay-type":"","overlay-color":"","overlay-opacity":"","overlay-gradient":""},"tablet":{"background-color":"var(--ast-global-color-5)","background-image":"","background-repeat":"repeat","background-position":"center center","background-size":"auto","background-attachment":"scroll","background-type":"","background-media":"","overlay-type":"","overlay-color":"","overlay-opacity":"","overlay-gradient":""},"mobile":{"background-color":"var(--ast-global-color-5)","background-image":"","background-repeat":"repeat","background-position":"center center","background-size":"auto","background-attachment":"scroll","background-type":"","background-media":"","overlay-type":"","overlay-color":"","overlay-opacity":"","overlay-gradient":""}},"jetpack_post_was_ever_published":false,"footnotes":""},"class_list":["post-2875","page","type-page","status-publish","hentry"],"yoast_head":"<!-- This site is optimized with the Yoast SEO plugin v27.3 - https:\/\/yoast.com\/product\/yoast-seo-wordpress\/ -->\n<title>CME\u00a0Accreditation - Joint CDDW\u2122-CLM Conference<\/title>\n<meta name=\"robots\" content=\"index, follow, max-snippet:-1, max-image-preview:large, max-video-preview:-1\" \/>\n<link rel=\"canonical\" href=\"https:\/\/cddw-clm.ca\/fr\/cme-accreditation\/\" \/>\n<meta property=\"og:locale\" content=\"fr_CA\" \/>\n<meta property=\"og:type\" content=\"article\" \/>\n<meta property=\"og:title\" content=\"CME\u00a0Accreditation - Joint CDDW\u2122-CLM Conference\" \/>\n<meta property=\"og:description\" content=\"CME Accreditation CDDW\u2122 Accreditation This program is an Accredited Group Learning Activity (Section 1) as defined by the Maintenance of Certification Program by The Royal College of Physicians &amp; Surgeons of Canada and approved by the Canadian Association of Gastroenterology (CAG). Participants may claim a maximum of 18.5 hours. CLM Accreditation This event is an [&hellip;]\" \/>\n<meta property=\"og:url\" content=\"https:\/\/cddw-clm.ca\/fr\/cme-accreditation\/\" \/>\n<meta property=\"og:site_name\" content=\"Joint CDDW\u2122-CLM Conference\" \/>\n<meta property=\"article:modified_time\" content=\"2025-02-20T18:53:29+00:00\" \/>\n<meta name=\"twitter:card\" content=\"summary_large_image\" \/>\n<meta name=\"twitter:site\" content=\"@cddw_clm\" \/>\n<meta name=\"twitter:label1\" content=\"Estimation du temps de lecture\" \/>\n\t<meta name=\"twitter:data1\" content=\"1 minute\" \/>\n<script type=\"application\/ld+json\" class=\"yoast-schema-graph\">{\"@context\":\"https:\\\/\\\/schema.org\",\"@graph\":[{\"@type\":\"WebPage\",\"@id\":\"https:\\\/\\\/cddw-clm.ca\\\/cme-accreditation\\\/\",\"url\":\"https:\\\/\\\/cddw-clm.ca\\\/cme-accreditation\\\/\",\"name\":\"CME\u00a0Accreditation - Joint CDDW\u2122-CLM Conference\",\"isPartOf\":{\"@id\":\"https:\\\/\\\/cddw-clm.ca\\\/#website\"},\"datePublished\":\"2024-01-10T14:21:34+00:00\",\"dateModified\":\"2025-02-20T18:53:29+00:00\",\"breadcrumb\":{\"@id\":\"https:\\\/\\\/cddw-clm.ca\\\/cme-accreditation\\\/#breadcrumb\"},\"inLanguage\":\"fr-CA\",\"potentialAction\":[{\"@type\":\"ReadAction\",\"target\":[\"https:\\\/\\\/cddw-clm.ca\\\/cme-accreditation\\\/\"]}]},{\"@type\":\"BreadcrumbList\",\"@id\":\"https:\\\/\\\/cddw-clm.ca\\\/cme-accreditation\\\/#breadcrumb\",\"itemListElement\":[{\"@type\":\"ListItem\",\"position\":1,\"name\":\"Home\",\"item\":\"https:\\\/\\\/cddw-clm.ca\\\/\"},{\"@type\":\"ListItem\",\"position\":2,\"name\":\"CME\u00a0Accreditation\"}]},{\"@type\":\"WebSite\",\"@id\":\"https:\\\/\\\/cddw-clm.ca\\\/#website\",\"url\":\"https:\\\/\\\/cddw-clm.ca\\\/\",\"name\":\"Joint CDDW\u2122-CLM Conference\",\"description\":\"The premiere meeting for all members of the Canadian gastroenterology and hepatology communities\",\"publisher\":{\"@id\":\"https:\\\/\\\/cddw-clm.ca\\\/#organization\"},\"potentialAction\":[{\"@type\":\"SearchAction\",\"target\":{\"@type\":\"EntryPoint\",\"urlTemplate\":\"https:\\\/\\\/cddw-clm.ca\\\/?s={search_term_string}\"},\"query-input\":{\"@type\":\"PropertyValueSpecification\",\"valueRequired\":true,\"valueName\":\"search_term_string\"}}],\"inLanguage\":\"fr-CA\"},{\"@type\":\"Organization\",\"@id\":\"https:\\\/\\\/cddw-clm.ca\\\/#organization\",\"name\":\"Joint CDDW\u2122-CLM Conference\",\"url\":\"https:\\\/\\\/cddw-clm.ca\\\/\",\"logo\":{\"@type\":\"ImageObject\",\"inLanguage\":\"fr-CA\",\"@id\":\"https:\\\/\\\/cddw-clm.ca\\\/#\\\/schema\\\/logo\\\/image\\\/\",\"url\":\"https:\\\/\\\/i0.wp.com\\\/cddw-clm.ca\\\/wp-content\\\/uploads\\\/2025\\\/08\\\/CDDW-CLM2026_Logo.png?fit=2485%2C1245&ssl=1\",\"contentUrl\":\"https:\\\/\\\/i0.wp.com\\\/cddw-clm.ca\\\/wp-content\\\/uploads\\\/2025\\\/08\\\/CDDW-CLM2026_Logo.png?fit=2485%2C1245&ssl=1\",\"width\":2485,\"height\":1245,\"caption\":\"Joint CDDW\u2122-CLM Conference\"},\"image\":{\"@id\":\"https:\\\/\\\/cddw-clm.ca\\\/#\\\/schema\\\/logo\\\/image\\\/\"},\"sameAs\":[\"https:\\\/\\\/x.com\\\/cddw_clm\"]}]}<\/script>\n<!-- \/ Yoast SEO plugin. -->","yoast_head_json":{"title":"Accr\u00e9ditation CME - Conf\u00e9rence conjointe CDDW\u2122-CLM","robots":{"index":"index","follow":"follow","max-snippet":"max-snippet:-1","max-image-preview":"max-image-preview:large","max-video-preview":"max-video-preview:-1"},"canonical":"https:\/\/cddw-clm.ca\/fr\/cme-accreditation\/","og_locale":"fr_CA","og_type":"article","og_title":"CME\u00a0Accreditation - Joint CDDW\u2122-CLM Conference","og_description":"CME Accreditation CDDW\u2122 Accreditation This program is an Accredited Group Learning Activity (Section 1) as defined by the Maintenance of Certification Program by The Royal College of Physicians &amp; Surgeons of Canada and approved by the Canadian Association of Gastroenterology (CAG). Participants may claim a maximum of 18.5 hours. CLM Accreditation This event is an [&hellip;]","og_url":"https:\/\/cddw-clm.ca\/fr\/cme-accreditation\/","og_site_name":"Joint CDDW\u2122-CLM Conference","article_modified_time":"2025-02-20T18:53:29+00:00","twitter_card":"summary_large_image","twitter_site":"@cddw_clm","twitter_misc":{"Estimation du temps de lecture":"1 minute"},"schema":{"@context":"https:\/\/schema.org","@graph":[{"@type":"WebPage","@id":"https:\/\/cddw-clm.ca\/cme-accreditation\/","url":"https:\/\/cddw-clm.ca\/cme-accreditation\/","name":"Accr\u00e9ditation CME - Conf\u00e9rence conjointe CDDW\u2122-CLM","isPartOf":{"@id":"https:\/\/cddw-clm.ca\/#website"},"datePublished":"2024-01-10T14:21:34+00:00","dateModified":"2025-02-20T18:53:29+00:00","breadcrumb":{"@id":"https:\/\/cddw-clm.ca\/cme-accreditation\/#breadcrumb"},"inLanguage":"fr-CA","potentialAction":[{"@type":"ReadAction","target":["https:\/\/cddw-clm.ca\/cme-accreditation\/"]}]},{"@type":"BreadcrumbList","@id":"https:\/\/cddw-clm.ca\/cme-accreditation\/#breadcrumb","itemListElement":[{"@type":"ListItem","position":1,"name":"Home","item":"https:\/\/cddw-clm.ca\/"},{"@type":"ListItem","position":2,"name":"CME\u00a0Accreditation"}]},{"@type":"WebSite","@id":"https:\/\/cddw-clm.ca\/#website","url":"https:\/\/cddw-clm.ca\/","name":"Conf\u00e9rence conjointe CDDW\u2122-CLM","description":"La premi\u00e8re r\u00e9union pour tous les membres des communaut\u00e9s canadiennes de gastroent\u00e9rologie et d&#039;h\u00e9patologie","publisher":{"@id":"https:\/\/cddw-clm.ca\/#organization"},"potentialAction":[{"@type":"SearchAction","target":{"@type":"EntryPoint","urlTemplate":"https:\/\/cddw-clm.ca\/?s={search_term_string}"},"query-input":{"@type":"PropertyValueSpecification","valueRequired":true,"valueName":"search_term_string"}}],"inLanguage":"fr-CA"},{"@type":"Organization","@id":"https:\/\/cddw-clm.ca\/#organization","name":"Conf\u00e9rence conjointe CDDW\u2122-CLM","url":"https:\/\/cddw-clm.ca\/","logo":{"@type":"ImageObject","inLanguage":"fr-CA","@id":"https:\/\/cddw-clm.ca\/#\/schema\/logo\/image\/","url":"https:\/\/i0.wp.com\/cddw-clm.ca\/wp-content\/uploads\/2025\/08\/CDDW-CLM2026_Logo.png?fit=2485%2C1245&ssl=1","contentUrl":"https:\/\/i0.wp.com\/cddw-clm.ca\/wp-content\/uploads\/2025\/08\/CDDW-CLM2026_Logo.png?fit=2485%2C1245&ssl=1","width":2485,"height":1245,"caption":"Joint CDDW\u2122-CLM Conference"},"image":{"@id":"https:\/\/cddw-clm.ca\/#\/schema\/logo\/image\/"},"sameAs":["https:\/\/x.com\/cddw_clm"]}]}},"uagb_featured_image_src":{"full":false,"thumbnail":false,"medium":false,"medium_large":false,"large":false,"1536x1536":false,"2048x2048":false,"trp-custom-language-flag":false,"newspack-article-block-landscape-large":false,"newspack-article-block-portrait-large":false,"newspack-article-block-square-large":false,"newspack-article-block-landscape-medium":false,"newspack-article-block-portrait-medium":false,"newspack-article-block-square-medium":false,"newspack-article-block-landscape-intermediate":false,"newspack-article-block-portrait-intermediate":false,"newspack-article-block-square-intermediate":false,"newspack-article-block-landscape-small":false,"newspack-article-block-portrait-small":false,"newspack-article-block-square-small":false,"newspack-article-block-landscape-tiny":false,"newspack-article-block-portrait-tiny":false,"newspack-article-block-square-tiny":false,"newspack-article-block-uncropped":false},"uagb_author_info":{"display_name":"cddwclm","author_link":"https:\/\/cddw-clm.ca\/fr\/author\/cddwclm\/"},"uagb_comment_info":0,"uagb_excerpt":"CME Accreditation CDDW\u2122 Accreditation This program is an Accredited Group Learning Activity (Section 1) as defined by the Maintenance of Certification Program by The Royal College of Physicians &amp; Surgeons of Canada and approved by the Canadian Association of Gastroenterology (CAG). Participants may claim a maximum of 18.5 hours. CLM Accreditation This event is an&hellip;","jetpack_likes_enabled":true,"jetpack_sharing_enabled":true,"jetpack_shortlink":"https:\/\/wp.me\/PePiMP-Kn","jetpack-related-posts":[],"_links":{"self":[{"href":"https:\/\/cddw-clm.ca\/fr\/wp-json\/wp\/v2\/pages\/2875","targetHints":{"allow":["GET"]}}],"collection":[{"href":"https:\/\/cddw-clm.ca\/fr\/wp-json\/wp\/v2\/pages"}],"about":[{"href":"https:\/\/cddw-clm.ca\/fr\/wp-json\/wp\/v2\/types\/page"}],"author":[{"embeddable":true,"href":"https:\/\/cddw-clm.ca\/fr\/wp-json\/wp\/v2\/users\/235364827"}],"replies":[{"embeddable":true,"href":"https:\/\/cddw-clm.ca\/fr\/wp-json\/wp\/v2\/comments?post=2875"}],"version-history":[{"count":22,"href":"https:\/\/cddw-clm.ca\/fr\/wp-json\/wp\/v2\/pages\/2875\/revisions"}],"predecessor-version":[{"id":4560,"href":"https:\/\/cddw-clm.ca\/fr\/wp-json\/wp\/v2\/pages\/2875\/revisions\/4560"}],"wp:attachment":[{"href":"https:\/\/cddw-clm.ca\/fr\/wp-json\/wp\/v2\/media?parent=2875"}],"curies":[{"name":"wp","href":"https:\/\/api.w.org\/{rel}","templated":true}]}}