{"id":2616,"date":"2023-11-08T10:37:26","date_gmt":"2023-11-08T15:37:26","guid":{"rendered":"https:\/\/cddw-clm.ca\/?page_id=2616"},"modified":"2023-11-08T12:21:40","modified_gmt":"2023-11-08T17:21:40","slug":"speakers","status":"publish","type":"page","link":"https:\/\/cddw-clm.ca\/fr\/speakers\/","title":{"rendered":"Intervenants"},"content":{"rendered":"<style>\n.pheedloop-iframe {\n  overflow: auto;\n  position: relative;\n  height: 600px;\n  width: 100%;\n  }\n.pheedloop-iframe iframe {\n  border: 0;\n  height: 100%;\n  left: 0;\n  position: absolute;\n  top: 0;\n  width: 100%;\n  }\n<\/style>\n<div class=\"pheedloop-iframe\">\n<iframe src=\"https:\/\/site.pheedloop.com\/event\/embed\/cddwclm24\/speakers\" title=\"intervenants\"><\/iframe>\n<\/div>","protected":false},"excerpt":{"rendered":"","protected":false},"author":235364827,"featured_media":0,"parent":0,"menu_order":0,"comment_status":"closed","ping_status":"closed","template":"","meta":{"_crdt_document":"","_uag_custom_page_level_css":"","site-sidebar-layout":"default","site-content-layout":"","ast-site-content-layout":"default","site-content-style":"default","site-sidebar-style":"default","ast-global-header-display":"","ast-banner-title-visibility":"","ast-main-header-display":"","ast-hfb-above-header-display":"","ast-hfb-below-header-display":"","ast-hfb-mobile-header-display":"","site-post-title":"disabled","ast-breadcrumbs-content":"","ast-featured-img":"","footer-sml-layout":"","theme-transparent-header-meta":"","adv-header-id-meta":"","stick-header-meta":"","header-above-stick-meta":"","header-main-stick-meta":"","header-below-stick-meta":"","astra-migrate-meta-layouts":"set","ast-page-background-enabled":"default","ast-page-background-meta":{"desktop":{"background-color":"","background-image":"","background-repeat":"repeat","background-position":"center center","background-size":"auto","background-attachment":"scroll","background-type":"","background-media":"","overlay-type":"","overlay-color":"","overlay-opacity":"","overlay-gradient":""},"tablet":{"background-color":"","background-image":"","background-repeat":"repeat","background-position":"center center","background-size":"auto","background-attachment":"scroll","background-type":"","background-media":"","overlay-type":"","overlay-color":"","overlay-opacity":"","overlay-gradient":""},"mobile":{"background-color":"","background-image":"","background-repeat":"repeat","background-position":"center center","background-size":"auto","background-attachment":"scroll","background-type":"","background-media":"","overlay-type":"","overlay-color":"","overlay-opacity":"","overlay-gradient":""}},"ast-content-background-meta":{"desktop":{"background-color":"var(--ast-global-color-5)","background-image":"","background-repeat":"repeat","background-position":"center center","background-size":"auto","background-attachment":"scroll","background-type":"","background-media":"","overlay-type":"","overlay-color":"","overlay-opacity":"","overlay-gradient":""},"tablet":{"background-color":"var(--ast-global-color-5)","background-image":"","background-repeat":"repeat","background-position":"center center","background-size":"auto","background-attachment":"scroll","background-type":"","background-media":"","overlay-type":"","overlay-color":"","overlay-opacity":"","overlay-gradient":""},"mobile":{"background-color":"var(--ast-global-color-5)","background-image":"","background-repeat":"repeat","background-position":"center center","background-size":"auto","background-attachment":"scroll","background-type":"","background-media":"","overlay-type":"","overlay-color":"","overlay-opacity":"","overlay-gradient":""}},"jetpack_post_was_ever_published":false,"footnotes":""},"class_list":["post-2616","page","type-page","status-publish","hentry"],"yoast_head":"<!-- This site is optimized with the Yoast SEO plugin v27.3 - https:\/\/yoast.com\/product\/yoast-seo-wordpress\/ -->\n<title>Speakers - Joint CDDW\u2122-CLM Conference<\/title>\n<meta name=\"robots\" content=\"index, follow, max-snippet:-1, max-image-preview:large, max-video-preview:-1\" \/>\n<link rel=\"canonical\" href=\"https:\/\/cddw-clm.ca\/fr\/speakers\/\" \/>\n<meta property=\"og:locale\" content=\"fr_CA\" \/>\n<meta property=\"og:type\" content=\"article\" \/>\n<meta property=\"og:title\" content=\"Speakers - Joint CDDW\u2122-CLM Conference\" \/>\n<meta property=\"og:url\" content=\"https:\/\/cddw-clm.ca\/fr\/speakers\/\" \/>\n<meta property=\"og:site_name\" content=\"Joint CDDW\u2122-CLM Conference\" \/>\n<meta property=\"article:modified_time\" content=\"2023-11-08T17:21:40+00:00\" \/>\n<meta name=\"twitter:card\" content=\"summary_large_image\" \/>\n<meta name=\"twitter:site\" content=\"@cddw_clm\" \/>\n<script type=\"application\/ld+json\" class=\"yoast-schema-graph\">{\"@context\":\"https:\\\/\\\/schema.org\",\"@graph\":[{\"@type\":\"WebPage\",\"@id\":\"https:\\\/\\\/cddw-clm.ca\\\/speakers\\\/\",\"url\":\"https:\\\/\\\/cddw-clm.ca\\\/speakers\\\/\",\"name\":\"Speakers - Joint CDDW\u2122-CLM Conference\",\"isPartOf\":{\"@id\":\"https:\\\/\\\/cddw-clm.ca\\\/#website\"},\"datePublished\":\"2023-11-08T15:37:26+00:00\",\"dateModified\":\"2023-11-08T17:21:40+00:00\",\"breadcrumb\":{\"@id\":\"https:\\\/\\\/cddw-clm.ca\\\/speakers\\\/#breadcrumb\"},\"inLanguage\":\"fr-CA\",\"potentialAction\":[{\"@type\":\"ReadAction\",\"target\":[\"https:\\\/\\\/cddw-clm.ca\\\/speakers\\\/\"]}]},{\"@type\":\"BreadcrumbList\",\"@id\":\"https:\\\/\\\/cddw-clm.ca\\\/speakers\\\/#breadcrumb\",\"itemListElement\":[{\"@type\":\"ListItem\",\"position\":1,\"name\":\"Home\",\"item\":\"https:\\\/\\\/cddw-clm.ca\\\/\"},{\"@type\":\"ListItem\",\"position\":2,\"name\":\"Speakers\"}]},{\"@type\":\"WebSite\",\"@id\":\"https:\\\/\\\/cddw-clm.ca\\\/#website\",\"url\":\"https:\\\/\\\/cddw-clm.ca\\\/\",\"name\":\"Joint CDDW\u2122-CLM Conference\",\"description\":\"The premiere meeting for all members of the Canadian gastroenterology and hepatology communities\",\"publisher\":{\"@id\":\"https:\\\/\\\/cddw-clm.ca\\\/#organization\"},\"potentialAction\":[{\"@type\":\"SearchAction\",\"target\":{\"@type\":\"EntryPoint\",\"urlTemplate\":\"https:\\\/\\\/cddw-clm.ca\\\/?s={search_term_string}\"},\"query-input\":{\"@type\":\"PropertyValueSpecification\",\"valueRequired\":true,\"valueName\":\"search_term_string\"}}],\"inLanguage\":\"fr-CA\"},{\"@type\":\"Organization\",\"@id\":\"https:\\\/\\\/cddw-clm.ca\\\/#organization\",\"name\":\"Joint CDDW\u2122-CLM Conference\",\"url\":\"https:\\\/\\\/cddw-clm.ca\\\/\",\"logo\":{\"@type\":\"ImageObject\",\"inLanguage\":\"fr-CA\",\"@id\":\"https:\\\/\\\/cddw-clm.ca\\\/#\\\/schema\\\/logo\\\/image\\\/\",\"url\":\"https:\\\/\\\/i0.wp.com\\\/cddw-clm.ca\\\/wp-content\\\/uploads\\\/2025\\\/08\\\/CDDW-CLM2026_Logo.png?fit=2485%2C1245&ssl=1\",\"contentUrl\":\"https:\\\/\\\/i0.wp.com\\\/cddw-clm.ca\\\/wp-content\\\/uploads\\\/2025\\\/08\\\/CDDW-CLM2026_Logo.png?fit=2485%2C1245&ssl=1\",\"width\":2485,\"height\":1245,\"caption\":\"Joint CDDW\u2122-CLM Conference\"},\"image\":{\"@id\":\"https:\\\/\\\/cddw-clm.ca\\\/#\\\/schema\\\/logo\\\/image\\\/\"},\"sameAs\":[\"https:\\\/\\\/x.com\\\/cddw_clm\"]}]}<\/script>\n<!-- \/ Yoast SEO plugin. -->","yoast_head_json":{"title":"Speakers - Joint CDDW\u2122-CLM Conference","robots":{"index":"index","follow":"follow","max-snippet":"max-snippet:-1","max-image-preview":"max-image-preview:large","max-video-preview":"max-video-preview:-1"},"canonical":"https:\/\/cddw-clm.ca\/fr\/speakers\/","og_locale":"fr_CA","og_type":"article","og_title":"Speakers - Joint CDDW\u2122-CLM Conference","og_url":"https:\/\/cddw-clm.ca\/fr\/speakers\/","og_site_name":"Joint CDDW\u2122-CLM Conference","article_modified_time":"2023-11-08T17:21:40+00:00","twitter_card":"summary_large_image","twitter_site":"@cddw_clm","schema":{"@context":"https:\/\/schema.org","@graph":[{"@type":"WebPage","@id":"https:\/\/cddw-clm.ca\/speakers\/","url":"https:\/\/cddw-clm.ca\/speakers\/","name":"Speakers - Joint CDDW\u2122-CLM Conference","isPartOf":{"@id":"https:\/\/cddw-clm.ca\/#website"},"datePublished":"2023-11-08T15:37:26+00:00","dateModified":"2023-11-08T17:21:40+00:00","breadcrumb":{"@id":"https:\/\/cddw-clm.ca\/speakers\/#breadcrumb"},"inLanguage":"fr-CA","potentialAction":[{"@type":"ReadAction","target":["https:\/\/cddw-clm.ca\/speakers\/"]}]},{"@type":"BreadcrumbList","@id":"https:\/\/cddw-clm.ca\/speakers\/#breadcrumb","itemListElement":[{"@type":"ListItem","position":1,"name":"Home","item":"https:\/\/cddw-clm.ca\/"},{"@type":"ListItem","position":2,"name":"Speakers"}]},{"@type":"WebSite","@id":"https:\/\/cddw-clm.ca\/#website","url":"https:\/\/cddw-clm.ca\/","name":"Conf\u00e9rence conjointe CDDW\u2122-CLM","description":"La premi\u00e8re r\u00e9union pour tous les membres des communaut\u00e9s canadiennes de gastroent\u00e9rologie et d&#039;h\u00e9patologie","publisher":{"@id":"https:\/\/cddw-clm.ca\/#organization"},"potentialAction":[{"@type":"SearchAction","target":{"@type":"EntryPoint","urlTemplate":"https:\/\/cddw-clm.ca\/?s={search_term_string}"},"query-input":{"@type":"PropertyValueSpecification","valueRequired":true,"valueName":"search_term_string"}}],"inLanguage":"fr-CA"},{"@type":"Organization","@id":"https:\/\/cddw-clm.ca\/#organization","name":"Conf\u00e9rence conjointe CDDW\u2122-CLM","url":"https:\/\/cddw-clm.ca\/","logo":{"@type":"ImageObject","inLanguage":"fr-CA","@id":"https:\/\/cddw-clm.ca\/#\/schema\/logo\/image\/","url":"https:\/\/i0.wp.com\/cddw-clm.ca\/wp-content\/uploads\/2025\/08\/CDDW-CLM2026_Logo.png?fit=2485%2C1245&ssl=1","contentUrl":"https:\/\/i0.wp.com\/cddw-clm.ca\/wp-content\/uploads\/2025\/08\/CDDW-CLM2026_Logo.png?fit=2485%2C1245&ssl=1","width":2485,"height":1245,"caption":"Joint CDDW\u2122-CLM Conference"},"image":{"@id":"https:\/\/cddw-clm.ca\/#\/schema\/logo\/image\/"},"sameAs":["https:\/\/x.com\/cddw_clm"]}]}},"uagb_featured_image_src":{"full":false,"thumbnail":false,"medium":false,"medium_large":false,"large":false,"1536x1536":false,"2048x2048":false,"trp-custom-language-flag":false,"newspack-article-block-landscape-large":false,"newspack-article-block-portrait-large":false,"newspack-article-block-square-large":false,"newspack-article-block-landscape-medium":false,"newspack-article-block-portrait-medium":false,"newspack-article-block-square-medium":false,"newspack-article-block-landscape-intermediate":false,"newspack-article-block-portrait-intermediate":false,"newspack-article-block-square-intermediate":false,"newspack-article-block-landscape-small":false,"newspack-article-block-portrait-small":false,"newspack-article-block-square-small":false,"newspack-article-block-landscape-tiny":false,"newspack-article-block-portrait-tiny":false,"newspack-article-block-square-tiny":false,"newspack-article-block-uncropped":false},"uagb_author_info":{"display_name":"cddwclm","author_link":"https:\/\/cddw-clm.ca\/fr\/author\/cddwclm\/"},"uagb_comment_info":0,"uagb_excerpt":null,"jetpack_likes_enabled":true,"jetpack_sharing_enabled":true,"jetpack_shortlink":"https:\/\/wp.me\/PePiMP-Gc","jetpack-related-posts":[],"_links":{"self":[{"href":"https:\/\/cddw-clm.ca\/fr\/wp-json\/wp\/v2\/pages\/2616","targetHints":{"allow":["GET"]}}],"collection":[{"href":"https:\/\/cddw-clm.ca\/fr\/wp-json\/wp\/v2\/pages"}],"about":[{"href":"https:\/\/cddw-clm.ca\/fr\/wp-json\/wp\/v2\/types\/page"}],"author":[{"embeddable":true,"href":"https:\/\/cddw-clm.ca\/fr\/wp-json\/wp\/v2\/users\/235364827"}],"replies":[{"embeddable":true,"href":"https:\/\/cddw-clm.ca\/fr\/wp-json\/wp\/v2\/comments?post=2616"}],"version-history":[{"count":2,"href":"https:\/\/cddw-clm.ca\/fr\/wp-json\/wp\/v2\/pages\/2616\/revisions"}],"predecessor-version":[{"id":2618,"href":"https:\/\/cddw-clm.ca\/fr\/wp-json\/wp\/v2\/pages\/2616\/revisions\/2618"}],"wp:attachment":[{"href":"https:\/\/cddw-clm.ca\/fr\/wp-json\/wp\/v2\/media?parent=2616"}],"curies":[{"name":"wp","href":"https:\/\/api.w.org\/{rel}","templated":true}]}}