{"id":2425,"date":"2023-10-06T10:52:09","date_gmt":"2023-10-06T14:52:09","guid":{"rendered":"https:\/\/cddw-clm.ca\/?page_id=2425"},"modified":"2024-05-15T20:42:37","modified_gmt":"2024-05-16T00:42:37","slug":"program-2024","status":"publish","type":"page","link":"https:\/\/cddw-clm.ca\/fr\/program-2024\/","title":{"rendered":"Program 2024"},"content":{"rendered":"<div class=\"wp-block-uagb-info-box uagb-block-b7a7c4d0 uagb-infobox__content-wrap  uagb-infobox-icon-above-title uagb-infobox-image-valign-top\"><div class=\"uagb-ifb-content\"><div class=\"uagb-ifb-icon-wrap\"><svg xmlns=\"https:\/\/www.w3.org\/2000\/svg\" viewbox=\"0 0 512 512\"><path d=\"M0 256C0 114.6 114.6 0 256 0C397.4 0 512 114.6 512 256C512 397.4 397.4 512 256 512C114.6 512 0 397.4 0 256zM371.8 211.8C382.7 200.9 382.7 183.1 371.8 172.2C360.9 161.3 343.1 161.3 332.2 172.2L224 280.4L179.8 236.2C168.9 225.3 151.1 225.3 140.2 236.2C129.3 247.1 129.3 264.9 140.2 275.8L204.2 339.8C215.1 350.7 232.9 350.7 243.8 339.8L371.8 211.8z\"><\/path><\/svg><\/div><div class=\"uagb-ifb-title-wrap\"><h3 class=\"uagb-ifb-title\">Informations sur le programme<\/h3><\/div><p class=\"uagb-ifb-desc\">Le programme des \u00e9v\u00e9nements ci-dessous est un aper\u00e7u de l&#039;ordre du jour du CDDW\u2122-CLM 2024 class\u00e9 par heure de d\u00e9but de session.<br><strong><mark style=\"background-color:rgba(0, 0, 0, 0)\" class=\"has-inline-color has-ast-global-color-0-color\"><span style=\"text-decoration: underline;\">Cliquez sur le titre de chaque s\u00e9ance pour plus de d\u00e9tails.<\/span><\/mark><\/strong><br>Vous pouvez cliquer sur \u00ab Programmes \u00bb sous le bouton \u00ab T\u00e9l\u00e9charger le calendrier des \u00e9v\u00e9nements \u00bb pour voir le calendrier par partenaires.<\/p><\/div><\/div>\n\n\n\n<style>\n.pheedloop-iframe {\n  overflow: auto;\n  position: relative;\n  height: 1100px;\n  width: 100%;\n  }\n.pheedloop-iframe iframe {\n  border: 0;\n  height: 100%;\n  left: 0;\n  position: absolute;\n  top: 0;\n  width: 100%;\n  }\n<\/style>\n<div class=\"pheedloop-iframe\">\n<iframe src=\"https:\/\/site.pheedloop.com\/event\/embed\/cddwclm24\/schedule\" title=\"calendrier\"><\/iframe>\n<\/div>","protected":false},"excerpt":{"rendered":"","protected":false},"author":235364827,"featured_media":0,"parent":0,"menu_order":0,"comment_status":"closed","ping_status":"closed","template":"","meta":{"_crdt_document":"","_uag_custom_page_level_css":"","site-sidebar-layout":"default","site-content-layout":"","ast-site-content-layout":"default","site-content-style":"default","site-sidebar-style":"default","ast-global-header-display":"","ast-banner-title-visibility":"","ast-main-header-display":"","ast-hfb-above-header-display":"","ast-hfb-below-header-display":"","ast-hfb-mobile-header-display":"","site-post-title":"disabled","ast-breadcrumbs-content":"","ast-featured-img":"","footer-sml-layout":"","theme-transparent-header-meta":"","adv-header-id-meta":"","stick-header-meta":"","header-above-stick-meta":"","header-main-stick-meta":"","header-below-stick-meta":"","astra-migrate-meta-layouts":"set","ast-page-background-enabled":"default","ast-page-background-meta":{"desktop":{"background-color":"","background-image":"","background-repeat":"repeat","background-position":"center center","background-size":"auto","background-attachment":"scroll","background-type":"","background-media":"","overlay-type":"","overlay-color":"","overlay-opacity":"","overlay-gradient":""},"tablet":{"background-color":"","background-image":"","background-repeat":"repeat","background-position":"center center","background-size":"auto","background-attachment":"scroll","background-type":"","background-media":"","overlay-type":"","overlay-color":"","overlay-opacity":"","overlay-gradient":""},"mobile":{"background-color":"","background-image":"","background-repeat":"repeat","background-position":"center center","background-size":"auto","background-attachment":"scroll","background-type":"","background-media":"","overlay-type":"","overlay-color":"","overlay-opacity":"","overlay-gradient":""}},"ast-content-background-meta":{"desktop":{"background-color":"var(--ast-global-color-5)","background-image":"","background-repeat":"repeat","background-position":"center center","background-size":"auto","background-attachment":"scroll","background-type":"","background-media":"","overlay-type":"","overlay-color":"","overlay-opacity":"","overlay-gradient":""},"tablet":{"background-color":"var(--ast-global-color-5)","background-image":"","background-repeat":"repeat","background-position":"center center","background-size":"auto","background-attachment":"scroll","background-type":"","background-media":"","overlay-type":"","overlay-color":"","overlay-opacity":"","overlay-gradient":""},"mobile":{"background-color":"var(--ast-global-color-5)","background-image":"","background-repeat":"repeat","background-position":"center center","background-size":"auto","background-attachment":"scroll","background-type":"","background-media":"","overlay-type":"","overlay-color":"","overlay-opacity":"","overlay-gradient":""}},"jetpack_post_was_ever_published":false,"footnotes":""},"class_list":["post-2425","page","type-page","status-publish","hentry"],"yoast_head":"<!-- This site is optimized with the Yoast SEO plugin v27.0 - https:\/\/yoast.com\/product\/yoast-seo-wordpress\/ -->\n<title>Joint CDDW\u2122-CLM 2024 Conference | Program<\/title>\n<meta name=\"description\" content=\"The event schedule below is an overview of the CDDW\u2122-CLM 2024 Agenda listed by session start time. Click each title for more details.\" \/>\n<meta name=\"robots\" content=\"index, follow, max-snippet:-1, max-image-preview:large, max-video-preview:-1\" \/>\n<link rel=\"canonical\" href=\"https:\/\/cddw-clm.ca\/fr\/program-2024\/\" \/>\n<meta property=\"og:locale\" content=\"fr_CA\" \/>\n<meta property=\"og:type\" content=\"article\" \/>\n<meta property=\"og:title\" content=\"Joint CDDW\u2122-CLM 2024 Conference | Program\" \/>\n<meta property=\"og:description\" content=\"The event schedule below is an overview of the CDDW\u2122-CLM 2024 Agenda listed by session start time. Click each title for more details.\" \/>\n<meta property=\"og:url\" content=\"https:\/\/cddw-clm.ca\/fr\/program-2024\/\" \/>\n<meta property=\"og:site_name\" content=\"Joint CDDW\u2122-CLM Conference\" \/>\n<meta property=\"article:modified_time\" content=\"2024-05-16T00:42:37+00:00\" \/>\n<meta name=\"twitter:card\" content=\"summary_large_image\" \/>\n<meta name=\"twitter:site\" content=\"@cddw_clm\" \/>\n<meta name=\"twitter:label1\" content=\"Estimation du temps de lecture\" \/>\n\t<meta name=\"twitter:data1\" content=\"1 minute\" \/>\n<script type=\"application\/ld+json\" class=\"yoast-schema-graph\">{\"@context\":\"https:\/\/schema.org\",\"@graph\":[{\"@type\":\"WebPage\",\"@id\":\"https:\/\/cddw-clm.ca\/program-2024\/\",\"url\":\"https:\/\/cddw-clm.ca\/program-2024\/\",\"name\":\"Joint CDDW\u2122-CLM 2024 Conference | Program\",\"isPartOf\":{\"@id\":\"https:\/\/cddw-clm.ca\/#website\"},\"datePublished\":\"2023-10-06T14:52:09+00:00\",\"dateModified\":\"2024-05-16T00:42:37+00:00\",\"description\":\"The event schedule below is an overview of the CDDW\u2122-CLM 2024 Agenda listed by session start time. Click each title for more details.\",\"breadcrumb\":{\"@id\":\"https:\/\/cddw-clm.ca\/program-2024\/#breadcrumb\"},\"inLanguage\":\"fr-CA\",\"potentialAction\":[{\"@type\":\"ReadAction\",\"target\":[\"https:\/\/cddw-clm.ca\/program-2024\/\"]}]},{\"@type\":\"BreadcrumbList\",\"@id\":\"https:\/\/cddw-clm.ca\/program-2024\/#breadcrumb\",\"itemListElement\":[{\"@type\":\"ListItem\",\"position\":1,\"name\":\"Home\",\"item\":\"https:\/\/cddw-clm.ca\/\"},{\"@type\":\"ListItem\",\"position\":2,\"name\":\"Program 2024\"}]},{\"@type\":\"WebSite\",\"@id\":\"https:\/\/cddw-clm.ca\/#website\",\"url\":\"https:\/\/cddw-clm.ca\/\",\"name\":\"Joint CDDW\u2122-CLM Conference\",\"description\":\"The premiere meeting for all members of the Canadian gastroenterology and hepatology communities\",\"publisher\":{\"@id\":\"https:\/\/cddw-clm.ca\/#organization\"},\"potentialAction\":[{\"@type\":\"SearchAction\",\"target\":{\"@type\":\"EntryPoint\",\"urlTemplate\":\"https:\/\/cddw-clm.ca\/?s={search_term_string}\"},\"query-input\":{\"@type\":\"PropertyValueSpecification\",\"valueRequired\":true,\"valueName\":\"search_term_string\"}}],\"inLanguage\":\"fr-CA\"},{\"@type\":\"Organization\",\"@id\":\"https:\/\/cddw-clm.ca\/#organization\",\"name\":\"Joint CDDW\u2122-CLM Conference\",\"url\":\"https:\/\/cddw-clm.ca\/\",\"logo\":{\"@type\":\"ImageObject\",\"inLanguage\":\"fr-CA\",\"@id\":\"https:\/\/cddw-clm.ca\/#\/schema\/logo\/image\/\",\"url\":\"https:\/\/i0.wp.com\/cddw-clm.ca\/wp-content\/uploads\/2025\/08\/CDDW-CLM2026_Logo.png?fit=2485%2C1245&ssl=1\",\"contentUrl\":\"https:\/\/i0.wp.com\/cddw-clm.ca\/wp-content\/uploads\/2025\/08\/CDDW-CLM2026_Logo.png?fit=2485%2C1245&ssl=1\",\"width\":2485,\"height\":1245,\"caption\":\"Joint CDDW\u2122-CLM Conference\"},\"image\":{\"@id\":\"https:\/\/cddw-clm.ca\/#\/schema\/logo\/image\/\"},\"sameAs\":[\"https:\/\/x.com\/cddw_clm\"]}]}<\/script>\n<!-- \/ Yoast SEO plugin. -->","yoast_head_json":{"title":"Joint CDDW\u2122-CLM 2024 Conference | Program","description":"The event schedule below is an overview of the CDDW\u2122-CLM 2024 Agenda listed by session start time. Click each title for more details.","robots":{"index":"index","follow":"follow","max-snippet":"max-snippet:-1","max-image-preview":"max-image-preview:large","max-video-preview":"max-video-preview:-1"},"canonical":"https:\/\/cddw-clm.ca\/fr\/program-2024\/","og_locale":"fr_CA","og_type":"article","og_title":"Joint CDDW\u2122-CLM 2024 Conference | Program","og_description":"The event schedule below is an overview of the CDDW\u2122-CLM 2024 Agenda listed by session start time. Click each title for more details.","og_url":"https:\/\/cddw-clm.ca\/fr\/program-2024\/","og_site_name":"Joint CDDW\u2122-CLM Conference","article_modified_time":"2024-05-16T00:42:37+00:00","twitter_card":"summary_large_image","twitter_site":"@cddw_clm","twitter_misc":{"Estimation du temps de lecture":"1 minute"},"schema":{"@context":"https:\/\/schema.org","@graph":[{"@type":"WebPage","@id":"https:\/\/cddw-clm.ca\/program-2024\/","url":"https:\/\/cddw-clm.ca\/program-2024\/","name":"Joint CDDW\u2122-CLM 2024 Conference | Program","isPartOf":{"@id":"https:\/\/cddw-clm.ca\/#website"},"datePublished":"2023-10-06T14:52:09+00:00","dateModified":"2024-05-16T00:42:37+00:00","description":"The event schedule below is an overview of the CDDW\u2122-CLM 2024 Agenda listed by session start time. Click each title for more details.","breadcrumb":{"@id":"https:\/\/cddw-clm.ca\/program-2024\/#breadcrumb"},"inLanguage":"fr-CA","potentialAction":[{"@type":"ReadAction","target":["https:\/\/cddw-clm.ca\/program-2024\/"]}]},{"@type":"BreadcrumbList","@id":"https:\/\/cddw-clm.ca\/program-2024\/#breadcrumb","itemListElement":[{"@type":"ListItem","position":1,"name":"Home","item":"https:\/\/cddw-clm.ca\/"},{"@type":"ListItem","position":2,"name":"Program 2024"}]},{"@type":"WebSite","@id":"https:\/\/cddw-clm.ca\/#website","url":"https:\/\/cddw-clm.ca\/","name":"Conf\u00e9rence conjointe CDDW\u2122-CLM","description":"La premi\u00e8re r\u00e9union pour tous les membres des communaut\u00e9s canadiennes de gastroent\u00e9rologie et d&#039;h\u00e9patologie","publisher":{"@id":"https:\/\/cddw-clm.ca\/#organization"},"potentialAction":[{"@type":"SearchAction","target":{"@type":"EntryPoint","urlTemplate":"https:\/\/cddw-clm.ca\/?s={search_term_string}"},"query-input":{"@type":"PropertyValueSpecification","valueRequired":true,"valueName":"search_term_string"}}],"inLanguage":"fr-CA"},{"@type":"Organization","@id":"https:\/\/cddw-clm.ca\/#organization","name":"Conf\u00e9rence conjointe CDDW\u2122-CLM","url":"https:\/\/cddw-clm.ca\/","logo":{"@type":"ImageObject","inLanguage":"fr-CA","@id":"https:\/\/cddw-clm.ca\/#\/schema\/logo\/image\/","url":"https:\/\/i0.wp.com\/cddw-clm.ca\/wp-content\/uploads\/2025\/08\/CDDW-CLM2026_Logo.png?fit=2485%2C1245&ssl=1","contentUrl":"https:\/\/i0.wp.com\/cddw-clm.ca\/wp-content\/uploads\/2025\/08\/CDDW-CLM2026_Logo.png?fit=2485%2C1245&ssl=1","width":2485,"height":1245,"caption":"Joint CDDW\u2122-CLM Conference"},"image":{"@id":"https:\/\/cddw-clm.ca\/#\/schema\/logo\/image\/"},"sameAs":["https:\/\/x.com\/cddw_clm"]}]}},"uagb_featured_image_src":{"full":false,"thumbnail":false,"medium":false,"medium_large":false,"large":false,"1536x1536":false,"2048x2048":false,"trp-custom-language-flag":false,"newspack-article-block-landscape-large":false,"newspack-article-block-portrait-large":false,"newspack-article-block-square-large":false,"newspack-article-block-landscape-medium":false,"newspack-article-block-portrait-medium":false,"newspack-article-block-square-medium":false,"newspack-article-block-landscape-intermediate":false,"newspack-article-block-portrait-intermediate":false,"newspack-article-block-square-intermediate":false,"newspack-article-block-landscape-small":false,"newspack-article-block-portrait-small":false,"newspack-article-block-square-small":false,"newspack-article-block-landscape-tiny":false,"newspack-article-block-portrait-tiny":false,"newspack-article-block-square-tiny":false,"newspack-article-block-uncropped":false},"uagb_author_info":{"display_name":"cddwclm","author_link":"https:\/\/cddw-clm.ca\/fr\/author\/cddwclm\/"},"uagb_comment_info":0,"uagb_excerpt":null,"jetpack_likes_enabled":true,"jetpack_sharing_enabled":true,"jetpack_shortlink":"https:\/\/wp.me\/PePiMP-D7","jetpack-related-posts":[],"_links":{"self":[{"href":"https:\/\/cddw-clm.ca\/fr\/wp-json\/wp\/v2\/pages\/2425","targetHints":{"allow":["GET"]}}],"collection":[{"href":"https:\/\/cddw-clm.ca\/fr\/wp-json\/wp\/v2\/pages"}],"about":[{"href":"https:\/\/cddw-clm.ca\/fr\/wp-json\/wp\/v2\/types\/page"}],"author":[{"embeddable":true,"href":"https:\/\/cddw-clm.ca\/fr\/wp-json\/wp\/v2\/users\/235364827"}],"replies":[{"embeddable":true,"href":"https:\/\/cddw-clm.ca\/fr\/wp-json\/wp\/v2\/comments?post=2425"}],"version-history":[{"count":11,"href":"https:\/\/cddw-clm.ca\/fr\/wp-json\/wp\/v2\/pages\/2425\/revisions"}],"predecessor-version":[{"id":3317,"href":"https:\/\/cddw-clm.ca\/fr\/wp-json\/wp\/v2\/pages\/2425\/revisions\/3317"}],"wp:attachment":[{"href":"https:\/\/cddw-clm.ca\/fr\/wp-json\/wp\/v2\/media?parent=2425"}],"curies":[{"name":"wp","href":"https:\/\/api.w.org\/{rel}","templated":true}]}}